{"id":24,"date":"2024-07-08T11:03:37","date_gmt":"2024-07-08T09:03:37","guid":{"rendered":"https:\/\/www.sapsolutions.fr\/?page_id=24"},"modified":"2024-07-23T15:50:14","modified_gmt":"2024-07-23T13:50:14","slug":"contact","status":"publish","type":"page","link":"https:\/\/www.sapsolutions.fr\/index.php\/contact\/","title":{"rendered":"Contact"},"content":{"rendered":"<div class=\"wp-block-image is-style-rounded\">\n<figure class=\"aligncenter size-full is-resized\"><img loading=\"lazy\" decoding=\"async\" width=\"600\" height=\"600\" src=\"https:\/\/www.sapsolutions.fr\/wp-content\/uploads\/2024\/07\/photo_cv.png\" alt=\"\" class=\"wp-image-46\" style=\"object-fit:contain;width:200px;height:200px\" srcset=\"https:\/\/www.sapsolutions.fr\/wp-content\/uploads\/2024\/07\/photo_cv.png 600w, https:\/\/www.sapsolutions.fr\/wp-content\/uploads\/2024\/07\/photo_cv-300x300.png 300w, https:\/\/www.sapsolutions.fr\/wp-content\/uploads\/2024\/07\/photo_cv-150x150.png 150w\" sizes=\"auto, (max-width: 600px) 100vw, 600px\" \/><\/figure><\/div>\n\n\n<p class=\"has-white-color has-text-color has-link-color wp-elements-66e843df54673dbf29c2eccb3490b7b5\">Vous pouvez me joindre au +33 6 10 16 07 00 <\/p>\n\n\n\n<p class=\"has-white-color has-text-color has-link-color wp-elements-1234c34bfc902cc23c89515157b7c6d4\">ou par email \u00e0 l&rsquo;adresse contact (@) sapsolutions.fr<\/p>\n\n\n\n<p class=\"has-white-color has-text-color has-link-color wp-elements-c486bd7933800b5430e931dd116b9890\">Vous pouvez \u00e9galement entrer en contact via le r\u00e9seau <a href=\"https:\/\/www.linkedin.com\/in\/tonygossart\/\">LinkedIn<\/a><\/p>\n\n\n\n<p><\/p>\n","protected":false},"excerpt":{"rendered":"<p>Vous pouvez me joindre au +33 6 10 16 07 00 ou par email \u00e0 l&rsquo;adresse contact (@) sapsolutions.fr Vous pouvez \u00e9galement entrer en contact via le r\u00e9seau LinkedIn<\/p>\n","protected":false},"author":1,"featured_media":0,"parent":0,"menu_order":0,"comment_status":"closed","ping_status":"closed","template":"","meta":{"footnotes":""},"class_list":["post-24","page","type-page","status-publish","hentry","post"],"_links":{"self":[{"href":"https:\/\/www.sapsolutions.fr\/index.php\/wp-json\/wp\/v2\/pages\/24","targetHints":{"allow":["GET"]}}],"collection":[{"href":"https:\/\/www.sapsolutions.fr\/index.php\/wp-json\/wp\/v2\/pages"}],"about":[{"href":"https:\/\/www.sapsolutions.fr\/index.php\/wp-json\/wp\/v2\/types\/page"}],"author":[{"embeddable":true,"href":"https:\/\/www.sapsolutions.fr\/index.php\/wp-json\/wp\/v2\/users\/1"}],"replies":[{"embeddable":true,"href":"https:\/\/www.sapsolutions.fr\/index.php\/wp-json\/wp\/v2\/comments?post=24"}],"version-history":[{"count":8,"href":"https:\/\/www.sapsolutions.fr\/index.php\/wp-json\/wp\/v2\/pages\/24\/revisions"}],"predecessor-version":[{"id":117,"href":"https:\/\/www.sapsolutions.fr\/index.php\/wp-json\/wp\/v2\/pages\/24\/revisions\/117"}],"wp:attachment":[{"href":"https:\/\/www.sapsolutions.fr\/index.php\/wp-json\/wp\/v2\/media?parent=24"}],"curies":[{"name":"wp","href":"https:\/\/api.w.org\/{rel}","templated":true}]}}