{"id":2,"date":"2024-07-07T22:03:34","date_gmt":"2024-07-07T20:03:34","guid":{"rendered":"http:\/\/www.sapsolutions.fr\/?page_id=2"},"modified":"2025-06-14T18:08:14","modified_gmt":"2025-06-14T16:08:14","slug":"page-d-exemple","status":"publish","type":"page","link":"https:\/\/www.sapsolutions.fr\/","title":{"rendered":"Accueil"},"content":{"rendered":"\n<p class=\"has-white-color has-text-color has-link-color wp-elements-e621901d937873644faff63d264a9842\"><bdo lang=\"fr\" dir=\"ltr\">Bienvenue sur le site de SAPSOLUTIONS, je suis Tony GOSSART, consultant SAP ind\u00e9pendant. J&rsquo;ai commenc\u00e9 \u00e0 travailler sur SAP en 2001 et je suis freelance depuis 2008 avec une sp\u00e9cialisation sur la solution IS-Retail de SAP.<\/bdo><\/p>\n\n\n\n<p class=\"has-white-color has-text-color has-link-color wp-elements-b2260b53cd300e0db70409e7cd050b3c\"><bdo lang=\"fr\" dir=\"ltr\">Je ne suis pas disponible pour l&rsquo;instant, mais vous pouvez toujours me contacter pour toute proposition de mission afin de vous aider \u00e0 l&rsquo;impl\u00e9mentation de la solution IS-R ou tout autre besoin autour des modules MM et SD. Je peux \u00e9galement vous assister dans la migration de votre syst\u00e8me vers la solution S\/4HANA.<\/bdo><\/p>\n\n\n\n<p class=\"has-text-align-center has-white-color has-text-color has-link-color has-small-font-size wp-elements-12fd4c0fe8c5a7d73df1754331d0c973\"><em>Derni\u00e8re mise \u00e0 jour de la page: 14 Juin 2025<\/em><\/p>\n","protected":false},"excerpt":{"rendered":"<p>Bienvenue sur le site de SAPSOLUTIONS, je suis Tony GOSSART, consultant SAP ind\u00e9pendant. J&rsquo;ai commenc\u00e9 \u00e0 travailler sur SAP en 2001 et je suis freelance depuis 2008 avec une sp\u00e9cialisation sur la solution IS-Retail de SAP. Je ne suis pas disponible pour l&rsquo;instant, mais vous pouvez toujours me contacter pour toute proposition de mission afin [&hellip;]<\/p>\n","protected":false},"author":1,"featured_media":0,"parent":0,"menu_order":0,"comment_status":"closed","ping_status":"open","template":"","meta":{"footnotes":""},"class_list":["post-2","page","type-page","status-publish","hentry","post"],"_links":{"self":[{"href":"https:\/\/www.sapsolutions.fr\/index.php\/wp-json\/wp\/v2\/pages\/2","targetHints":{"allow":["GET"]}}],"collection":[{"href":"https:\/\/www.sapsolutions.fr\/index.php\/wp-json\/wp\/v2\/pages"}],"about":[{"href":"https:\/\/www.sapsolutions.fr\/index.php\/wp-json\/wp\/v2\/types\/page"}],"author":[{"embeddable":true,"href":"https:\/\/www.sapsolutions.fr\/index.php\/wp-json\/wp\/v2\/users\/1"}],"replies":[{"embeddable":true,"href":"https:\/\/www.sapsolutions.fr\/index.php\/wp-json\/wp\/v2\/comments?post=2"}],"version-history":[{"count":5,"href":"https:\/\/www.sapsolutions.fr\/index.php\/wp-json\/wp\/v2\/pages\/2\/revisions"}],"predecessor-version":[{"id":121,"href":"https:\/\/www.sapsolutions.fr\/index.php\/wp-json\/wp\/v2\/pages\/2\/revisions\/121"}],"wp:attachment":[{"href":"https:\/\/www.sapsolutions.fr\/index.php\/wp-json\/wp\/v2\/media?parent=2"}],"curies":[{"name":"wp","href":"https:\/\/api.w.org\/{rel}","templated":true}]}}